{"id":20311,"date":"2025-06-15T09:32:59","date_gmt":"2025-06-15T09:32:59","guid":{"rendered":"https:\/\/u2marin.com\/?page_id=20311"},"modified":"2025-06-18T22:30:43","modified_gmt":"2025-06-18T22:30:43","slug":"brokerage","status":"publish","type":"page","link":"https:\/\/u2marin.com\/tr\/brokerage\/","title":{"rendered":"Brokerage"},"content":{"rendered":"<div data-elementor-type=\"wp-page\" data-elementor-id=\"20311\" class=\"elementor elementor-20311\" data-elementor-post-type=\"page\">\n\t\t\t\t\t\t<section class=\"elementor-section elementor-top-section elementor-element elementor-element-1066d56c elementor-section-height-min-height elementor-section-items-bottom elementor-section-boxed elementor-section-height-default\" data-id=\"1066d56c\" data-element_type=\"section\" data-settings=\"{&quot;background_background&quot;:&quot;classic&quot;}\">\n\t\t\t\t\t\t\t<div class=\"elementor-background-overlay\"><\/div>\n\t\t\t\t\t\t\t<div class=\"elementor-container elementor-column-gap-default\">\n\t\t\t\t\t<div class=\"elementor-column elementor-col-100 elementor-top-column elementor-element elementor-element-4c3f3685\" data-id=\"4c3f3685\" data-element_type=\"column\">\n\t\t\t<div class=\"elementor-widget-wrap elementor-element-populated\">\n\t\t\t\t\t\t<div class=\"elementor-element elementor-element-9b28150 elementor-widget elementor-widget-heading\" data-id=\"9b28150\" data-element_type=\"widget\" data-widget_type=\"heading.default\">\n\t\t\t\t<div class=\"elementor-widget-container\">\n\t\t\t\t\t<h2 class=\"elementor-heading-title elementor-size-default\">Brokerage<\/h2>\t\t\t\t<\/div>\n\t\t\t\t<\/div>\n\t\t\t\t<div class=\"elementor-element elementor-element-40ab3223 elementor-widget elementor-widget-text-editor\" data-id=\"40ab3223\" data-element_type=\"widget\" data-widget_type=\"text-editor.default\">\n\t\t\t\t<div class=\"elementor-widget-container\">\n\t\t\t\t\t\t\t\t\t<p><a href=\"#\">Anasayfa<\/a> &#8211; Brokerage<\/p>\t\t\t\t\t\t\t\t<\/div>\n\t\t\t\t<\/div>\n\t\t\t\t\t<\/div>\n\t\t<\/div>\n\t\t\t\t\t<\/div>\n\t\t<\/section>\n\t\t\t\t<section class=\"elementor-section elementor-top-section elementor-element elementor-element-3c6bc29c elementor-section-boxed elementor-section-height-default elementor-section-height-default\" data-id=\"3c6bc29c\" data-element_type=\"section\" data-settings=\"{&quot;background_background&quot;:&quot;classic&quot;}\">\n\t\t\t\t\t\t\t<div class=\"elementor-background-overlay\"><\/div>\n\t\t\t\t\t\t\t<div class=\"elementor-container elementor-column-gap-default\">\n\t\t\t\t\t<div class=\"elementor-column elementor-col-100 elementor-top-column elementor-element elementor-element-53b81536\" data-id=\"53b81536\" data-element_type=\"column\">\n\t\t\t<div class=\"elementor-widget-wrap elementor-element-populated\">\n\t\t\t\t\t\t<div class=\"elementor-element elementor-element-3e7dba0e elementor-widget elementor-widget-heading\" data-id=\"3e7dba0e\" data-element_type=\"widget\" data-widget_type=\"heading.default\">\n\t\t\t\t<div class=\"elementor-widget-container\">\n\t\t\t\t\t<h2 class=\"elementor-heading-title elementor-size-default\">Yat Brokerli\u011fi Hizmetleri<\/h2>\t\t\t\t<\/div>\n\t\t\t\t<\/div>\n\t\t\t\t<div class=\"elementor-element elementor-element-44243bb8 elementor-widget elementor-widget-text-editor\" data-id=\"44243bb8\" data-element_type=\"widget\" data-widget_type=\"text-editor.default\">\n\t\t\t\t<div class=\"elementor-widget-container\">\n\t\t\t\t\t\t\t\t\t<p>Yat sahiplerine ve potansiyel yat al\u0131c\u0131lar\u0131na geni\u015f bir yelpazede profesyonel destek sunan \u00f6zel bir hizmet t\u00fcr\u00fcd\u00fcr. Bu hizmetler genellikle yatlar\u0131n al\u0131m\u0131, sat\u0131m\u0131, kiralanmas\u0131, y\u00f6netimi ve bak\u0131m\u0131 konusunda uzmanla\u015fm\u0131\u015f dan\u0131\u015fmanlar taraf\u0131ndan sa\u011flan\u0131r.<\/p><p>Bir yat\u0131 sat\u0131n alma veya satma s\u00fcreci karma\u015f\u0131k olabilir ve bir\u00e7ok yasal ve teknik ayr\u0131nt\u0131 i\u00e7erir. Yat dan\u0131\u015fmanlar\u0131 m\u00fc\u015fterilerine do\u011fru yat\u0131 se\u00e7me, fiyat pazarl\u0131\u011f\u0131 yapma, yasal belgeleri haz\u0131rlama ve gerekli incelemeleri yapma konular\u0131nda yard\u0131mc\u0131 olur. Dan\u0131\u015fmanl\u0131k hizmetleri yat\u0131n pazarlanmas\u0131 ve potansiyel al\u0131c\u0131larla g\u00f6r\u00fc\u015fmelerin y\u00fcr\u00fct\u00fclmesini de i\u00e7erir.<\/p><p>Bir yat sat\u0131n almak ve satmak hem zevk hem de yat\u0131r\u0131m i\u00e7in b\u00fcy\u00fck bir ad\u0131md\u0131r. Ancak bu s\u00fcre\u00e7 deneyimsiz ki\u015filer i\u00e7in karma\u015f\u0131k ve zorlay\u0131c\u0131 olabilir. \u0130\u015fte bu noktada yat al\u0131m sat\u0131m dan\u0131\u015fmanl\u0131\u011f\u0131 hizmetleri devreye girer. Profesyonel dan\u0131\u015fmanlar sizin i\u00e7in en uygun yat\u0131 bulman\u0131za ve i\u015flem s\u00fcrecini sorunsuz bir \u015fekilde y\u00f6netmenize yard\u0131mc\u0131 olacakt\u0131r.<\/p><p>Yat al\u0131m ve sat\u0131m dan\u0131\u015fmanl\u0131k hizmetleri geni\u015f bir hizmet yelpazesi sunar. \u0130htiya\u00e7lar\u0131n\u0131za en uygun yat\u0131 bulman\u0131za yard\u0131mc\u0131 olabilirler. Bu hizmetler \u015funlar\u0131 i\u00e7erebilir:<\/p><h3>1. Pazar Ara\u015ft\u0131rmas\u0131 ve De\u011ferlendirme<\/h3><p>Profesyonel dan\u0131\u015fmanlar, talep ve beklentilerinizi g\u00f6z \u00f6n\u00fcnde bulundurarak piyasada bulunan yatlar\u0131 ara\u015ft\u0131r\u0131r ve de\u011ferlendirir. B\u00f6ylece ihtiya\u00e7lar\u0131n\u0131za en uygun olan\u0131 se\u00e7menize yard\u0131mc\u0131 olurlar.<\/p><h3>2. Fiyat Pazarl\u0131\u011f\u0131 ve S\u00f6zle\u015fme Y\u00f6netimi<\/h3><p>Yat al\u0131m sat\u0131m\u0131nda fiyatlar genellikle pazarl\u0131k gerektirir. Deneyimli dan\u0131\u015fmanlar, size en iyi fiyat ve ko\u015fullar\u0131 sa\u011flamak i\u00e7in s\u00f6zle\u015fme s\u00fcrecini m\u00fczakere eder ve y\u00f6netir.<\/p><h3>3. Teknik De\u011ferlendirme ve Tefti\u015f<\/h3><p>Yat\u0131n teknik durumu \u00f6nemlidir. Dan\u0131\u015fmanlar yat\u0131n teknik detaylar\u0131n\u0131 ve durumunu inceler, herhangi bir sorun olup olmad\u0131\u011f\u0131n\u0131 belirler ve gerekirse inceleme s\u00fcrecini y\u00f6netir.<\/p><h3>4. Finansal Dan\u0131\u015fmanl\u0131k<\/h3><p>Bir yat sat\u0131n almak ve satmak b\u00fcy\u00fck bir yat\u0131r\u0131m gerektirir. Finansal dan\u0131\u015fmanlar b\u00fct\u00e7enize uygun se\u00e7enekleri belirlemenize ve uygun finansman se\u00e7eneklerini bulman\u0131za yard\u0131mc\u0131 olabilir.<\/p><h3>5. Hukuki Dan\u0131\u015fmanl\u0131k ve Belge \u0130nceleme<\/h3><p>Yat al\u0131m sat\u0131m\u0131yla ilgili bir dizi yasal belge ve prosed\u00fcr bulunmaktad\u0131r. Dan\u0131\u015fmanlar\u0131m\u0131z, yasal gerekliliklerin yerine getirildi\u011finden emin olmak ve sizi olas\u0131 yasal sorunlardan korumak i\u00e7in t\u00fcm belgeleri inceler.<\/p><p>Yat al\u0131m sat\u0131m dan\u0131\u015fmanl\u0131\u011f\u0131 hizmetleri, m\u00fc\u015fterilerinin ihtiya\u00e7 ve beklentilerine \u00f6zel olarak tasarlanmaktad\u0131r. Profesyonel bir dan\u0131\u015fmanla \u00e7al\u0131\u015fmak, yat al\u0131m sat\u0131m s\u00fcrecini daha verimli ve g\u00fcvenli hale getirerek size zaman ve stres kazand\u0131r\u0131r. Unutmay\u0131n, do\u011fru yat\u0131 bulmak ve sat\u0131n almak i\u00e7in do\u011fru dan\u0131\u015fman\u0131 se\u00e7mek \u00f6nemlidir.<\/p>\t\t\t\t\t\t\t\t<\/div>\n\t\t\t\t<\/div>\n\t\t\t\t<div class=\"elementor-element elementor-element-ce2aafd elementor-align-center elementor-widget__width-initial elementor-widget elementor-widget-button\" data-id=\"ce2aafd\" data-element_type=\"widget\" data-widget_type=\"button.default\">\n\t\t\t\t<div class=\"elementor-widget-container\">\n\t\t\t\t\t\t\t\t\t<div class=\"elementor-button-wrapper\">\n\t\t\t\t\t<a class=\"elementor-button elementor-button-link elementor-size-sm elementor-animation-shrink\" href=\"tel:+905336137348\">\n\t\t\t\t\t\t<span class=\"elementor-button-content-wrapper\">\n\t\t\t\t\t\t<span class=\"elementor-button-icon\">\n\t\t\t\t<i aria-hidden=\"true\" class=\"fas fa-phone\"><\/i>\t\t\t<\/span>\n\t\t\t\t\t\t\t\t\t<span class=\"elementor-button-text\">Bizi Hemen Aray\u0131n<\/span>\n\t\t\t\t\t<\/span>\n\t\t\t\t\t<\/a>\n\t\t\t\t<\/div>\n\t\t\t\t\t\t\t\t<\/div>\n\t\t\t\t<\/div>\n\t\t\t\t\t<\/div>\n\t\t<\/div>\n\t\t\t\t\t<\/div>\n\t\t<\/section>\n\t\t\t\t<\/div>","protected":false},"excerpt":{"rendered":"<p>Brokerage Home &#8211; Brokerage Yacht Brokerage Services It is a specialized type of service offering a wide range of professional support to yacht owners and potential yacht buyers. These services are usually provided by consultants specializing in the purchase, sale, charter, management and maintenance of yachts. The process of buying or selling a yacht can [&hellip;]<\/p>","protected":false},"author":1,"featured_media":0,"parent":0,"menu_order":0,"comment_status":"closed","ping_status":"closed","template":"elementor_header_footer","meta":{"footnotes":""},"class_list":["post-20311","page","type-page","status-publish","hentry"],"_links":{"self":[{"href":"https:\/\/u2marin.com\/tr\/wp-json\/wp\/v2\/pages\/20311","targetHints":{"allow":["GET"]}}],"collection":[{"href":"https:\/\/u2marin.com\/tr\/wp-json\/wp\/v2\/pages"}],"about":[{"href":"https:\/\/u2marin.com\/tr\/wp-json\/wp\/v2\/types\/page"}],"author":[{"embeddable":true,"href":"https:\/\/u2marin.com\/tr\/wp-json\/wp\/v2\/users\/1"}],"replies":[{"embeddable":true,"href":"https:\/\/u2marin.com\/tr\/wp-json\/wp\/v2\/comments?post=20311"}],"version-history":[{"count":23,"href":"https:\/\/u2marin.com\/tr\/wp-json\/wp\/v2\/pages\/20311\/revisions"}],"predecessor-version":[{"id":20515,"href":"https:\/\/u2marin.com\/tr\/wp-json\/wp\/v2\/pages\/20311\/revisions\/20515"}],"wp:attachment":[{"href":"https:\/\/u2marin.com\/tr\/wp-json\/wp\/v2\/media?parent=20311"}],"curies":[{"name":"wp","href":"https:\/\/api.w.org\/{rel}","templated":true}]}}