{"id":20323,"date":"2025-06-15T09:43:18","date_gmt":"2025-06-15T09:43:18","guid":{"rendered":"https:\/\/u2marin.com\/?page_id=20323"},"modified":"2025-06-18T22:30:07","modified_gmt":"2025-06-18T22:30:07","slug":"yacht-agency","status":"publish","type":"page","link":"https:\/\/u2marin.com\/tr\/yacht-agency\/","title":{"rendered":"Yat Acente Hizmeti"},"content":{"rendered":"<div data-elementor-type=\"wp-page\" data-elementor-id=\"20323\" class=\"elementor elementor-20323\" data-elementor-post-type=\"page\">\n\t\t\t\t\t\t<section class=\"elementor-section elementor-top-section elementor-element elementor-element-d35c7c6 elementor-section-height-min-height elementor-section-items-bottom elementor-section-boxed elementor-section-height-default\" data-id=\"d35c7c6\" data-element_type=\"section\" data-settings=\"{&quot;background_background&quot;:&quot;classic&quot;}\">\n\t\t\t\t\t\t\t<div class=\"elementor-background-overlay\"><\/div>\n\t\t\t\t\t\t\t<div class=\"elementor-container elementor-column-gap-default\">\n\t\t\t\t\t<div class=\"elementor-column elementor-col-100 elementor-top-column elementor-element elementor-element-e2429d8\" data-id=\"e2429d8\" data-element_type=\"column\">\n\t\t\t<div class=\"elementor-widget-wrap elementor-element-populated\">\n\t\t\t\t\t\t<div class=\"elementor-element elementor-element-4826eef elementor-widget elementor-widget-heading\" data-id=\"4826eef\" data-element_type=\"widget\" data-widget_type=\"heading.default\">\n\t\t\t\t<div class=\"elementor-widget-container\">\n\t\t\t\t\t<h2 class=\"elementor-heading-title elementor-size-default\">Yat Acente Hizmeti<\/h2>\t\t\t\t<\/div>\n\t\t\t\t<\/div>\n\t\t\t\t<div class=\"elementor-element elementor-element-f754b0b elementor-widget elementor-widget-text-editor\" data-id=\"f754b0b\" data-element_type=\"widget\" data-widget_type=\"text-editor.default\">\n\t\t\t\t<div class=\"elementor-widget-container\">\n\t\t\t\t\t\t\t\t\t<p><a href=\"#\">Anasayfa<\/a> - Yat Acente<\/p>\t\t\t\t\t\t\t\t<\/div>\n\t\t\t\t<\/div>\n\t\t\t\t\t<\/div>\n\t\t<\/div>\n\t\t\t\t\t<\/div>\n\t\t<\/section>\n\t\t\t\t<section class=\"elementor-section elementor-top-section elementor-element elementor-element-51babc4 elementor-section-boxed elementor-section-height-default elementor-section-height-default\" data-id=\"51babc4\" data-element_type=\"section\" data-settings=\"{&quot;background_background&quot;:&quot;classic&quot;}\">\n\t\t\t\t\t\t\t<div class=\"elementor-background-overlay\"><\/div>\n\t\t\t\t\t\t\t<div class=\"elementor-container elementor-column-gap-default\">\n\t\t\t\t\t<div class=\"elementor-column elementor-col-100 elementor-top-column elementor-element elementor-element-fcdf5a5\" data-id=\"fcdf5a5\" data-element_type=\"column\">\n\t\t\t<div class=\"elementor-widget-wrap elementor-element-populated\">\n\t\t\t\t\t\t<div class=\"elementor-element elementor-element-9c60a7c elementor-widget elementor-widget-heading\" data-id=\"9c60a7c\" data-element_type=\"widget\" data-widget_type=\"heading.default\">\n\t\t\t\t<div class=\"elementor-widget-container\">\n\t\t\t\t\t<h2 class=\"elementor-heading-title elementor-size-default\">Yat Acente Hizmeti<\/h2>\t\t\t\t<\/div>\n\t\t\t\t<\/div>\n\t\t\t\t<div class=\"elementor-element elementor-element-13096ce elementor-widget elementor-widget-text-editor\" data-id=\"13096ce\" data-element_type=\"widget\" data-widget_type=\"text-editor.default\">\n\t\t\t\t<div class=\"elementor-widget-container\">\n\t\t\t\t\t\t\t\t\t<p data-start=\"132\" data-end=\"478\">Deniz yolculu\u011fu insanl\u0131\u011f\u0131n en b\u00fcy\u00fcleyici ke\u015fiflerinden biri olmu\u015ftur. Sonsuz maviliklere yelken a\u00e7mak, r\u00fczg\u00e2r\u0131n \u0131l\u0131k ok\u015fay\u0131\u015f\u0131n\u0131 hissetmek ve g\u00fcne\u015fin yumu\u015fak \u0131\u015f\u0131lt\u0131s\u0131 alt\u0131nda yolculuk etmek hayallerin \u00f6tesine ge\u00e7mek gibidir. Yat acenteli\u011fi hizmetleri, bu deniz maceras\u0131n\u0131 ger\u00e7e\u011fe d\u00f6n\u00fc\u015ft\u00fcrmek i\u00e7in tasarlanm\u0131\u015f, deneyimli ve \u00f6zelle\u015ftirilebilir bir hizmet sunmaktad\u0131r.<\/p><p data-start=\"480\" data-end=\"745\">Yat acenteleri, m\u00fc\u015fterilerinin hayallerini ve beklentilerini anlayarak unutulmaz bir deniz tatili i\u00e7in gereken her ayr\u0131nt\u0131y\u0131 d\u00fczenler. Yat kiralama s\u00fcrecini basitle\u015ftirirken, m\u00fc\u015fterilerin rotalar\u0131n\u0131, yatlar\u0131n\u0131 ve genel denizcilik deneyimlerini ki\u015fiselle\u015ftirmelerine yard\u0131mc\u0131 olurlar.<\/p><p data-start=\"747\" data-end=\"780\">Bu hizmetler tipik olarak \u015funlar\u0131 i\u00e7erir:<\/p><h3 data-start=\"787\" data-end=\"808\">1. Rota Planlama<\/h3><p data-start=\"810\" data-end=\"1113\">Deniz seyahatinin en heyecan verici y\u00f6nlerinden biri ke\u015ffedilecek s\u0131n\u0131rs\u0131z rotalard\u0131r. Yat acenteleri, m\u00fc\u015fterilerin tercih etti\u011fi var\u0131\u015f noktalar\u0131na ve ilgi alanlar\u0131na g\u00f6re rotalar \u00f6nerir ve planlar. Bu rotalar genellikle k\u00fclt\u00fcrel a\u00e7\u0131dan zengin limanlar\u0131, gizli koylar\u0131 ve nefes kesici manzaralar\u0131 i\u00e7erir ve unutulmaz an\u0131lar sunar.<\/p><h3 data-start=\"1120\" data-end=\"1152\">2. M\u00fcrettebat ve Gemideki Hizmetler<\/h3><p data-start=\"1154\" data-end=\"1441\">Herhangi bir yat\u00e7\u0131l\u0131k deneyiminin \u00f6nemli bir unsuru, profesyonel ve misafirperver bir m\u00fcrettebat\u0131n varl\u0131\u011f\u0131d\u0131r. Yat acenteleri, m\u00fc\u015fterinin ihtiya\u00e7lar\u0131na g\u00f6re kaptanlar, \u015fefler ve g\u00fcverte g\u00f6revlileri sa\u011flar. Ayr\u0131ca gurme yemekler, spa hizmetleri, su sporlar\u0131 ve di\u011fer \u00f6zel talepleri de ayarlayabilirler.<\/p><h3 data-start=\"1448\" data-end=\"1475\">3. Var\u0131\u015f Noktas\u0131 Hizmetleri<\/h3><p data-start=\"1477\" data-end=\"1741\">Denizin tad\u0131n\u0131 \u00e7\u0131kar\u0131rken, karadaki deneyimler de g\u00f6z ard\u0131 edilmemelidir. Yat acenteleri, \u00f6zel turlar, restoran rezervasyonlar\u0131, al\u0131\u015fveri\u015f \u00f6nerileri ve daha fazlas\u0131 dahil olmak \u00fczere karada aktiviteler ve k\u00fclt\u00fcrel geziler d\u00fczenleyerek genel tatil deneyimini geli\u015ftirir.<\/p><p data-start=\"1748\" data-end=\"2046\">Yat acentesi hizmetleri, denizcilik hayallerini ger\u00e7e\u011fe d\u00f6n\u00fc\u015ft\u00fcrmek i\u00e7in m\u00fckemmel bir ortakt\u0131r. Profesyonel bir yakla\u015f\u0131m, ki\u015fiselle\u015ftirilmi\u015f hizmet ve s\u0131n\u0131rs\u0131z deniz maceralar\u0131 ile bir yat acentesi m\u00fc\u015fterilerine unutulmaz bir deniz tatili sunar. \u00d6yleyse, sonsuz mavili\u011fe yelken a\u00e7al\u0131m ve yeni ufuklar ke\u015ffedelim!<\/p><h3 data-start=\"2053\" data-end=\"2093\">Tam Zamanl\u0131 Acente Hizmetleri<\/h3><p data-start=\"2094\" data-end=\"2254\">Liman otoritesi, sa\u011fl\u0131k, polis, g\u00fcmr\u00fck ve teknik destek dahil olmak \u00fczere, t\u00fcm yatlar ve m\u00fcrettebat i\u00e7in tam zamanl\u0131 liman yard\u0131m\u0131 sa\u011flanmaktad\u0131r. Bu hizmetler \u015funlar\u0131 i\u00e7erir:<\/p><ul data-start=\"2256\" data-end=\"2788\"><li data-start=\"2256\" data-end=\"2339\"><p data-start=\"2258\" data-end=\"2339\"><strong data-start=\"2258\" data-end=\"2292\">Turkish Water Entry \u2013 Exit Procedures<\/strong> (Liman \/ G\u00fcmr\u00fck \/ Sa\u011fl\u0131k \/ Polis \u0130\u015flemleri)<\/p><\/li><li data-start=\"2340\" data-end=\"2381\"><p data-start=\"2342\" data-end=\"2381\"><strong data-start=\"2342\" data-end=\"2379\">Marina S\u00f6zle\u015fmeleri ve Rezervasyonlar\u0131<\/strong><\/p><\/li><li data-start=\"2382\" data-end=\"2423\"><p data-start=\"2384\" data-end=\"2423\"><strong data-start=\"2384\" data-end=\"2421\">Ticari Gemi S\u00f6rvey Hizmetleri<\/strong><\/p><\/li><li data-start=\"2424\" data-end=\"2454\"><p data-start=\"2426\" data-end=\"2454\"><strong data-start=\"2426\" data-end=\"2452\">Transitlog G\u00fcnl\u00fck Prosed\u00fcrleri<\/strong><\/p><\/li><li data-start=\"2455\" data-end=\"2494\"><p data-start=\"2457\" data-end=\"2494\"><strong data-start=\"2457\" data-end=\"2492\">Ya\u011f \/ Yak\u0131t \/ Tatl\u0131 Su Temini<\/strong><\/p><\/li><li data-start=\"2495\" data-end=\"2529\"><p data-start=\"2497\" data-end=\"2529\"><strong data-start=\"2497\" data-end=\"2527\">Teknik Destek Hizmetleri<\/strong><\/p><\/li><li data-start=\"2530\" data-end=\"2567\"><p data-start=\"2532\" data-end=\"2567\"><strong data-start=\"2532\" data-end=\"2565\">Provisioning and Material Supply<br \/><\/strong><\/p><\/li><li data-start=\"2568\" data-end=\"2635\"><p data-start=\"2570\" data-end=\"2635\"><strong data-start=\"2570\" data-end=\"2594\">M\u00fcrettebat De\u011fi\u015fim Hizmetleri<\/strong>bini\u015f ve ini\u015f dahil olmak \u00fczere<\/p><\/li><li data-start=\"2636\" data-end=\"2675\"><p data-start=\"2638\" data-end=\"2675\"><strong data-start=\"2638\" data-end=\"2673\">Kaptan Yetki Belgeleri<\/strong><\/p><\/li><li data-start=\"2676\" data-end=\"2725\"><p data-start=\"2678\" data-end=\"2725\"><strong data-start=\"2678\" data-end=\"2723\">Yatlar ve Gemiler i\u00e7in Yedek Par\u00e7a Teslimat\u0131<\/strong><\/p><\/li><li data-start=\"2726\" data-end=\"2751\"><p data-start=\"2728\" data-end=\"2751\"><strong data-start=\"2728\" data-end=\"2749\">Deniz Taksi Hizmetleri<\/strong><\/p><\/li><li data-start=\"2752\" data-end=\"2788\"><p data-start=\"2754\" data-end=\"2788\"><strong data-start=\"2754\" data-end=\"2788\">Pazar ve Tedarik Hizmetleri<\/strong><\/p><\/li><\/ul>\t\t\t\t\t\t\t\t<\/div>\n\t\t\t\t<\/div>\n\t\t\t\t<div class=\"elementor-element elementor-element-1adb346 elementor-align-center elementor-widget__width-initial elementor-widget elementor-widget-button\" data-id=\"1adb346\" data-element_type=\"widget\" data-widget_type=\"button.default\">\n\t\t\t\t<div class=\"elementor-widget-container\">\n\t\t\t\t\t\t\t\t\t<div class=\"elementor-button-wrapper\">\n\t\t\t\t\t<a class=\"elementor-button elementor-button-link elementor-size-sm elementor-animation-shrink\" href=\"tel:+905336137348\">\n\t\t\t\t\t\t<span class=\"elementor-button-content-wrapper\">\n\t\t\t\t\t\t<span class=\"elementor-button-icon\">\n\t\t\t\t<i aria-hidden=\"true\" class=\"fas fa-phone\"><\/i>\t\t\t<\/span>\n\t\t\t\t\t\t\t\t\t<span class=\"elementor-button-text\">Bizi Hemen Aray\u0131n<\/span>\n\t\t\t\t\t<\/span>\n\t\t\t\t\t<\/a>\n\t\t\t\t<\/div>\n\t\t\t\t\t\t\t\t<\/div>\n\t\t\t\t<\/div>\n\t\t\t\t\t<\/div>\n\t\t<\/div>\n\t\t\t\t\t<\/div>\n\t\t<\/section>\n\t\t\t\t<\/div>","protected":false},"excerpt":{"rendered":"<p>Yacht Agency Home &#8211; Yacht Agency Yacht Agency Sea travel has been one of humanity\u2019s most fascinating discoveries. Sailing into the endless blue, feeling the warm caress of the wind, and journeying under the soft glow of the sun is like going beyond dreams. Yacht agency services are designed to transform this maritime adventure into [&hellip;]<\/p>","protected":false},"author":1,"featured_media":0,"parent":0,"menu_order":0,"comment_status":"closed","ping_status":"closed","template":"elementor_header_footer","meta":{"footnotes":""},"class_list":["post-20323","page","type-page","status-publish","hentry"],"_links":{"self":[{"href":"https:\/\/u2marin.com\/tr\/wp-json\/wp\/v2\/pages\/20323","targetHints":{"allow":["GET"]}}],"collection":[{"href":"https:\/\/u2marin.com\/tr\/wp-json\/wp\/v2\/pages"}],"about":[{"href":"https:\/\/u2marin.com\/tr\/wp-json\/wp\/v2\/types\/page"}],"author":[{"embeddable":true,"href":"https:\/\/u2marin.com\/tr\/wp-json\/wp\/v2\/users\/1"}],"replies":[{"embeddable":true,"href":"https:\/\/u2marin.com\/tr\/wp-json\/wp\/v2\/comments?post=20323"}],"version-history":[{"count":31,"href":"https:\/\/u2marin.com\/tr\/wp-json\/wp\/v2\/pages\/20323\/revisions"}],"predecessor-version":[{"id":20512,"href":"https:\/\/u2marin.com\/tr\/wp-json\/wp\/v2\/pages\/20323\/revisions\/20512"}],"wp:attachment":[{"href":"https:\/\/u2marin.com\/tr\/wp-json\/wp\/v2\/media?parent=20323"}],"curies":[{"name":"wp","href":"https:\/\/api.w.org\/{rel}","templated":true}]}}