{"id":20331,"date":"2025-06-15T09:47:00","date_gmt":"2025-06-15T09:47:00","guid":{"rendered":"https:\/\/u2marin.com\/?page_id=20331"},"modified":"2025-06-18T22:31:08","modified_gmt":"2025-06-18T22:31:08","slug":"transfer-services","status":"publish","type":"page","link":"https:\/\/u2marin.com\/tr\/transfer-services\/","title":{"rendered":"Transfer Hizmeti"},"content":{"rendered":"<div data-elementor-type=\"wp-page\" data-elementor-id=\"20331\" class=\"elementor elementor-20331\" data-elementor-post-type=\"page\">\n\t\t\t\t\t\t<section class=\"elementor-section elementor-top-section elementor-element elementor-element-c0fffe5 elementor-section-height-min-height elementor-section-items-bottom elementor-section-boxed elementor-section-height-default\" data-id=\"c0fffe5\" data-element_type=\"section\" data-settings=\"{&quot;background_background&quot;:&quot;classic&quot;}\">\n\t\t\t\t\t\t\t<div class=\"elementor-background-overlay\"><\/div>\n\t\t\t\t\t\t\t<div class=\"elementor-container elementor-column-gap-default\">\n\t\t\t\t\t<div class=\"elementor-column elementor-col-100 elementor-top-column elementor-element elementor-element-c0698f3\" data-id=\"c0698f3\" data-element_type=\"column\">\n\t\t\t<div class=\"elementor-widget-wrap elementor-element-populated\">\n\t\t\t\t\t\t<div class=\"elementor-element elementor-element-3e434e7 elementor-widget elementor-widget-heading\" data-id=\"3e434e7\" data-element_type=\"widget\" data-widget_type=\"heading.default\">\n\t\t\t\t<div class=\"elementor-widget-container\">\n\t\t\t\t\t<h2 class=\"elementor-heading-title elementor-size-default\">Transfer Hizmeti<\/h2>\t\t\t\t<\/div>\n\t\t\t\t<\/div>\n\t\t\t\t<div class=\"elementor-element elementor-element-24f787b elementor-widget elementor-widget-text-editor\" data-id=\"24f787b\" data-element_type=\"widget\" data-widget_type=\"text-editor.default\">\n\t\t\t\t<div class=\"elementor-widget-container\">\n\t\t\t\t\t\t\t\t\t<p><a href=\"#\">Anasayfa<\/a> &#8211; Transfer<\/p>\t\t\t\t\t\t\t\t<\/div>\n\t\t\t\t<\/div>\n\t\t\t\t\t<\/div>\n\t\t<\/div>\n\t\t\t\t\t<\/div>\n\t\t<\/section>\n\t\t\t\t<section class=\"elementor-section elementor-top-section elementor-element elementor-element-4703b21 elementor-section-boxed elementor-section-height-default elementor-section-height-default\" data-id=\"4703b21\" data-element_type=\"section\" data-settings=\"{&quot;background_background&quot;:&quot;classic&quot;}\">\n\t\t\t\t\t\t\t<div class=\"elementor-background-overlay\"><\/div>\n\t\t\t\t\t\t\t<div class=\"elementor-container elementor-column-gap-default\">\n\t\t\t\t\t<div class=\"elementor-column elementor-col-100 elementor-top-column elementor-element elementor-element-6d086c9\" data-id=\"6d086c9\" data-element_type=\"column\">\n\t\t\t<div class=\"elementor-widget-wrap elementor-element-populated\">\n\t\t\t\t\t\t<div class=\"elementor-element elementor-element-b7025d7 elementor-widget elementor-widget-heading\" data-id=\"b7025d7\" data-element_type=\"widget\" data-widget_type=\"heading.default\">\n\t\t\t\t<div class=\"elementor-widget-container\">\n\t\t\t\t\t<h2 class=\"elementor-heading-title elementor-size-default\">Transfer Hizmeti<\/h2>\t\t\t\t<\/div>\n\t\t\t\t<\/div>\n\t\t\t\t<div class=\"elementor-element elementor-element-40305f3 elementor-widget elementor-widget-text-editor\" data-id=\"40305f3\" data-element_type=\"widget\" data-widget_type=\"text-editor.default\">\n\t\t\t\t<div class=\"elementor-widget-container\">\n\t\t\t\t\t\t\t\t\t<p data-start=\"126\" data-end=\"420\">Tekne transferi, bir deniz arac\u0131n\u0131n bir noktadan di\u011ferine g\u00fcvenli ve zaman\u0131nda ta\u015f\u0131nmas\u0131 s\u00fcrecidir. Bu i\u015flem genellikle bir teknenin sat\u0131n al\u0131nmas\u0131, sat\u0131lmas\u0131 veya bak\u0131m\u0131 s\u0131ras\u0131nda ger\u00e7ekle\u015fir. Profesyonel tekne transfer hizmetleri, denizcilik d\u00fcnyas\u0131nda g\u00fcvenilir ve verimli bir ta\u015f\u0131ma s\u00fcreci sa\u011flar.<\/p><h3 data-start=\"422\" data-end=\"453\">1. Uzmanl\u0131k ve Deneyim<\/h3><p data-start=\"455\" data-end=\"713\">Profesyonel tekne transfer \u015firketleri, geni\u015f deneyime sahip uzman ekiplerden olu\u015fur. Deniz ta\u015f\u0131mac\u0131l\u0131\u011f\u0131n\u0131n zorluklar\u0131n\u0131 ve g\u00fcvenlik gereksinimlerini anlarlar. Bu deneyim, her t\u00fcrl\u00fc tekne transferi i\u00e7in gerekli bilgi ve beceriyi sa\u011flar.<\/p><h3 data-start=\"715\" data-end=\"754\">2. G\u00fcvenlik Standartlar\u0131na Uygunluk<\/h3><p data-start=\"756\" data-end=\"946\">Tekne transferleri s\u0131ras\u0131nda g\u00fcvenlik her zaman \u00f6ncelikli bir konudur. Profesyonel tekne transfer hizmetleri, uluslararas\u0131 g\u00fcvenlik standartlar\u0131na tam uyum sa\u011flar ve ta\u015f\u0131ma s\u00fcrecini g\u00fcvenli bir \u015fekilde y\u00f6netir.<\/p><h3 data-start=\"948\" data-end=\"975\">3. \u00d6zelle\u015ftirilmi\u015f \u00c7\u00f6z\u00fcmler<\/h3><p data-start=\"977\" data-end=\"1243\">Her tekne transferi benzersizdir ve farkl\u0131 hususlar gerektirir. Profesyonel transfer \u015firketleri m\u00fc\u015fterilerinin ihtiya\u00e7lar\u0131na g\u00f6re \u00f6zelle\u015ftirilmi\u015f \u00e7\u00f6z\u00fcmler sunar. Bu \u00e7\u00f6z\u00fcmler geminin tipi, boyutu, rotas\u0131 ve di\u011fer \u00f6zel fakt\u00f6rleri dikkate al\u0131r.<\/p><h3 data-start=\"1245\" data-end=\"1275\">4. Ruhsatland\u0131rma ve Sigorta<\/h3><p data-start=\"1277\" data-end=\"1499\">G\u00fcvenilir bir tekne transfer hizmeti, gerekli lisanslara sahip olmal\u0131 ve t\u00fcm ta\u015f\u0131ma s\u00fcreci i\u00e7in yeterli sigorta kapsam\u0131 sa\u011flamal\u0131d\u0131r. Bu, m\u00fc\u015fterilerin g\u00fcvenli\u011fini ve m\u00fclklerinin korunmas\u0131n\u0131 sa\u011flar.<\/p><h3 data-start=\"1501\" data-end=\"1528\">5. Profesyonel Destek<\/h3><p data-start=\"1530\" data-end=\"1720\">Tekne transfer s\u00fcreci boyunca m\u00fc\u015fterilere profesyonel destek sa\u011flanmal\u0131d\u0131r. Transferin her a\u015famas\u0131nda ileti\u015fimin s\u00fcrd\u00fcr\u00fclmesi m\u00fc\u015fterilerin endi\u015felerini azalt\u0131r ve g\u00fcveni art\u0131r\u0131r.<\/p><p data-start=\"1722\" data-end=\"1945\" data-is-last-node=\"\" data-is-only-node=\"\">Profesyonel tekne transfer hizmetleri, denizcilik sekt\u00f6r\u00fcnde gemilerin g\u00fcvenli ve sorunsuz bir \u015fekilde ta\u015f\u0131nmas\u0131n\u0131 sa\u011flar. G\u00fcvenilir bir transfer \u015firketi se\u00e7mek, hem tekne sahipleri hem de al\u0131c\u0131lar i\u00e7in g\u00f6n\u00fcl rahatl\u0131\u011f\u0131 ve g\u00fcvenlik sa\u011flar.<\/p>\t\t\t\t\t\t\t\t<\/div>\n\t\t\t\t<\/div>\n\t\t\t\t<div class=\"elementor-element elementor-element-6605d2e elementor-align-center elementor-widget__width-initial elementor-widget elementor-widget-button\" data-id=\"6605d2e\" data-element_type=\"widget\" data-widget_type=\"button.default\">\n\t\t\t\t<div class=\"elementor-widget-container\">\n\t\t\t\t\t\t\t\t\t<div class=\"elementor-button-wrapper\">\n\t\t\t\t\t<a class=\"elementor-button elementor-button-link elementor-size-sm elementor-animation-shrink\" href=\"tel:+905336137348\">\n\t\t\t\t\t\t<span class=\"elementor-button-content-wrapper\">\n\t\t\t\t\t\t<span class=\"elementor-button-icon\">\n\t\t\t\t<i aria-hidden=\"true\" class=\"fas fa-phone\"><\/i>\t\t\t<\/span>\n\t\t\t\t\t\t\t\t\t<span class=\"elementor-button-text\">Bizi Hemen Aray\u0131n<\/span>\n\t\t\t\t\t<\/span>\n\t\t\t\t\t<\/a>\n\t\t\t\t<\/div>\n\t\t\t\t\t\t\t\t<\/div>\n\t\t\t\t<\/div>\n\t\t\t\t\t<\/div>\n\t\t<\/div>\n\t\t\t\t\t<\/div>\n\t\t<\/section>\n\t\t\t\t<\/div>","protected":false},"excerpt":{"rendered":"<p>Transfer Services Home &#8211; Transfer Transfer Services Boat transfer is the process of safely and timely transporting a marine vessel from one point to another. This typically occurs during the purchase, sale, or maintenance of a boat. Professional boat transfer services ensure a reliable and efficient transportation process in the maritime world. 1. Expertise and [&hellip;]<\/p>","protected":false},"author":1,"featured_media":0,"parent":0,"menu_order":0,"comment_status":"closed","ping_status":"closed","template":"elementor_header_footer","meta":{"footnotes":""},"class_list":["post-20331","page","type-page","status-publish","hentry"],"_links":{"self":[{"href":"https:\/\/u2marin.com\/tr\/wp-json\/wp\/v2\/pages\/20331","targetHints":{"allow":["GET"]}}],"collection":[{"href":"https:\/\/u2marin.com\/tr\/wp-json\/wp\/v2\/pages"}],"about":[{"href":"https:\/\/u2marin.com\/tr\/wp-json\/wp\/v2\/types\/page"}],"author":[{"embeddable":true,"href":"https:\/\/u2marin.com\/tr\/wp-json\/wp\/v2\/users\/1"}],"replies":[{"embeddable":true,"href":"https:\/\/u2marin.com\/tr\/wp-json\/wp\/v2\/comments?post=20331"}],"version-history":[{"count":22,"href":"https:\/\/u2marin.com\/tr\/wp-json\/wp\/v2\/pages\/20331\/revisions"}],"predecessor-version":[{"id":20518,"href":"https:\/\/u2marin.com\/tr\/wp-json\/wp\/v2\/pages\/20331\/revisions\/20518"}],"wp:attachment":[{"href":"https:\/\/u2marin.com\/tr\/wp-json\/wp\/v2\/media?parent=20331"}],"curies":[{"name":"wp","href":"https:\/\/api.w.org\/{rel}","templated":true}]}}