{"id":20346,"date":"2025-06-15T09:54:32","date_gmt":"2025-06-15T09:54:32","guid":{"rendered":"https:\/\/u2marin.com\/?page_id=20346"},"modified":"2025-06-18T22:31:37","modified_gmt":"2025-06-18T22:31:37","slug":"technical-support","status":"publish","type":"page","link":"https:\/\/u2marin.com\/tr\/technical-support\/","title":{"rendered":"Teknik Destek"},"content":{"rendered":"<div data-elementor-type=\"wp-page\" data-elementor-id=\"20346\" class=\"elementor elementor-20346\" data-elementor-post-type=\"page\">\n\t\t\t\t\t\t<section class=\"elementor-section elementor-top-section elementor-element elementor-element-a48d956 elementor-section-height-min-height elementor-section-items-bottom elementor-section-boxed elementor-section-height-default\" data-id=\"a48d956\" data-element_type=\"section\" data-settings=\"{&quot;background_background&quot;:&quot;classic&quot;}\">\n\t\t\t\t\t\t\t<div class=\"elementor-background-overlay\"><\/div>\n\t\t\t\t\t\t\t<div class=\"elementor-container elementor-column-gap-default\">\n\t\t\t\t\t<div class=\"elementor-column elementor-col-100 elementor-top-column elementor-element elementor-element-4eda090\" data-id=\"4eda090\" data-element_type=\"column\">\n\t\t\t<div class=\"elementor-widget-wrap elementor-element-populated\">\n\t\t\t\t\t\t<div class=\"elementor-element elementor-element-95cd8ef elementor-widget elementor-widget-heading\" data-id=\"95cd8ef\" data-element_type=\"widget\" data-widget_type=\"heading.default\">\n\t\t\t\t<div class=\"elementor-widget-container\">\n\t\t\t\t\t<h2 class=\"elementor-heading-title elementor-size-default\">Teknik Destek<\/h2>\t\t\t\t<\/div>\n\t\t\t\t<\/div>\n\t\t\t\t<div class=\"elementor-element elementor-element-86d052b elementor-widget elementor-widget-text-editor\" data-id=\"86d052b\" data-element_type=\"widget\" data-widget_type=\"text-editor.default\">\n\t\t\t\t<div class=\"elementor-widget-container\">\n\t\t\t\t\t\t\t\t\t<p><a href=\"#\">Anasayfa<\/a> &#8211; Technical<\/p>\t\t\t\t\t\t\t\t<\/div>\n\t\t\t\t<\/div>\n\t\t\t\t\t<\/div>\n\t\t<\/div>\n\t\t\t\t\t<\/div>\n\t\t<\/section>\n\t\t\t\t<section class=\"elementor-section elementor-top-section elementor-element elementor-element-b9f90c5 elementor-section-boxed elementor-section-height-default elementor-section-height-default\" data-id=\"b9f90c5\" data-element_type=\"section\" data-settings=\"{&quot;background_background&quot;:&quot;classic&quot;}\">\n\t\t\t\t\t\t\t<div class=\"elementor-background-overlay\"><\/div>\n\t\t\t\t\t\t\t<div class=\"elementor-container elementor-column-gap-default\">\n\t\t\t\t\t<div class=\"elementor-column elementor-col-100 elementor-top-column elementor-element elementor-element-8c99aa4\" data-id=\"8c99aa4\" data-element_type=\"column\">\n\t\t\t<div class=\"elementor-widget-wrap elementor-element-populated\">\n\t\t\t\t\t\t<div class=\"elementor-element elementor-element-8ad18f7 elementor-widget elementor-widget-heading\" data-id=\"8ad18f7\" data-element_type=\"widget\" data-widget_type=\"heading.default\">\n\t\t\t\t<div class=\"elementor-widget-container\">\n\t\t\t\t\t<h2 class=\"elementor-heading-title elementor-size-default\">Teknik Destek<\/h2>\t\t\t\t<\/div>\n\t\t\t\t<\/div>\n\t\t\t\t<div class=\"elementor-element elementor-element-14dae02 elementor-widget elementor-widget-text-editor\" data-id=\"14dae02\" data-element_type=\"widget\" data-widget_type=\"text-editor.default\">\n\t\t\t\t<div class=\"elementor-widget-container\">\n\t\t\t\t\t\t\t\t\t<p data-start=\"1314\" data-end=\"1542\">Yatlar ve ticari gemiler, g\u00fcvenli ve kesintisiz seferler i\u00e7in d\u00fczenli teknik bak\u0131ma ihtiya\u00e7 duyarlar. Acentemiz hem limanda hem de denizde kapsaml\u0131 teknik destek sa\u011flayarak m\u00fc\u015fterilerine eksiksiz bir \u00e7\u00f6z\u00fcm sunmaktad\u0131r.<\/p><p data-start=\"1544\" data-end=\"1839\">Deneyimli teknik ekibimiz ar\u0131za tespiti, onar\u0131m, rutin bak\u0131m ve yedek par\u00e7a tedari\u011fi konular\u0131nda h\u0131zl\u0131 ve g\u00fcvenilir hizmetler sunmaktad\u0131r. Elektrik ve elektronik sistemlerden motor servisine, klima sistemlerinden jenerat\u00f6r ar\u0131zalar\u0131na kadar geni\u015f bir yelpazede profesyonel destek sunuyoruz.<\/p><h4 data-start=\"1841\" data-end=\"1859\">Hizmetlerimiz<\/h4><ul data-start=\"1860\" data-end=\"2277\"><li data-start=\"1860\" data-end=\"1893\"><p data-start=\"1862\" data-end=\"1893\">Motor bak\u0131m ve onar\u0131m\u0131<\/p><\/li><li data-start=\"1894\" data-end=\"1937\"><p data-start=\"1896\" data-end=\"1937\">Elektrik ve elektronik sistem deste\u011fi<\/p><\/li><li data-start=\"1938\" data-end=\"1986\"><p data-start=\"1940\" data-end=\"1986\">Klima ve so\u011futma servisi<\/p><\/li><li data-start=\"1987\" data-end=\"2032\"><p data-start=\"1989\" data-end=\"2032\">Jenerat\u00f6r bak\u0131m\u0131 ve sorun giderme<\/p><\/li><li data-start=\"2033\" data-end=\"2077\"><p data-start=\"2035\" data-end=\"2077\">Hidrolik sistemlerin kontrol\u00fc ve servisi<\/p><\/li><li data-start=\"2078\" data-end=\"2111\"><p data-start=\"2080\" data-end=\"2111\">Sintine ve pompa sistemi onar\u0131mlar\u0131<\/p><\/li><li data-start=\"2112\" data-end=\"2153\"><p data-start=\"2114\" data-end=\"2153\">Tersane koordinasyonu ve denetimi<\/p><\/li><li data-start=\"2154\" data-end=\"2193\"><p data-start=\"2156\" data-end=\"2193\">Yedek par\u00e7a temini ve montaj\u0131<\/p><\/li><li data-start=\"2194\" data-end=\"2235\"><p data-start=\"2196\" data-end=\"2235\">7\/24 acil teknik m\u00fcdahale<\/p><\/li><li data-start=\"2236\" data-end=\"2277\"><p data-start=\"2238\" data-end=\"2277\">Uzman teknisyenlerle yerinde servis<\/p><\/li><\/ul><p data-start=\"2279\" data-end=\"2420\">H\u0131zl\u0131 yan\u0131t, do\u011fru \u00e7\u00f6z\u00fcmler ve y\u00fcksek kaliteli hizmet taahh\u00fcd\u00fcm\u00fczle, t\u00fcm teknik zorluklarda her zaman yan\u0131n\u0131zday\u0131z.<\/p>\t\t\t\t\t\t\t\t<\/div>\n\t\t\t\t<\/div>\n\t\t\t\t<div class=\"elementor-element elementor-element-1867e34 elementor-align-center elementor-widget__width-initial elementor-widget elementor-widget-button\" data-id=\"1867e34\" data-element_type=\"widget\" data-widget_type=\"button.default\">\n\t\t\t\t<div class=\"elementor-widget-container\">\n\t\t\t\t\t\t\t\t\t<div class=\"elementor-button-wrapper\">\n\t\t\t\t\t<a class=\"elementor-button elementor-button-link elementor-size-sm elementor-animation-shrink\" href=\"tel:+905336137348\">\n\t\t\t\t\t\t<span class=\"elementor-button-content-wrapper\">\n\t\t\t\t\t\t<span class=\"elementor-button-icon\">\n\t\t\t\t<i aria-hidden=\"true\" class=\"fas fa-phone\"><\/i>\t\t\t<\/span>\n\t\t\t\t\t\t\t\t\t<span class=\"elementor-button-text\">Bizi Hemen Aray\u0131n<\/span>\n\t\t\t\t\t<\/span>\n\t\t\t\t\t<\/a>\n\t\t\t\t<\/div>\n\t\t\t\t\t\t\t\t<\/div>\n\t\t\t\t<\/div>\n\t\t\t\t\t<\/div>\n\t\t<\/div>\n\t\t\t\t\t<\/div>\n\t\t<\/section>\n\t\t\t\t<\/div>","protected":false},"excerpt":{"rendered":"<p>Technical Support Home &#8211; Technical Technical Support Yachts and commercial vessels require regular technical maintenance to ensure safe and uninterrupted voyages. Our agency provides comprehensive technical support both at the port and at sea, offering clients a complete solution. Our experienced technical team delivers fast and reliable services in diagnostics, repairs, routine maintenance, and spare [&hellip;]<\/p>","protected":false},"author":1,"featured_media":0,"parent":0,"menu_order":0,"comment_status":"closed","ping_status":"closed","template":"elementor_header_footer","meta":{"footnotes":""},"class_list":["post-20346","page","type-page","status-publish","hentry"],"_links":{"self":[{"href":"https:\/\/u2marin.com\/tr\/wp-json\/wp\/v2\/pages\/20346","targetHints":{"allow":["GET"]}}],"collection":[{"href":"https:\/\/u2marin.com\/tr\/wp-json\/wp\/v2\/pages"}],"about":[{"href":"https:\/\/u2marin.com\/tr\/wp-json\/wp\/v2\/types\/page"}],"author":[{"embeddable":true,"href":"https:\/\/u2marin.com\/tr\/wp-json\/wp\/v2\/users\/1"}],"replies":[{"embeddable":true,"href":"https:\/\/u2marin.com\/tr\/wp-json\/wp\/v2\/comments?post=20346"}],"version-history":[{"count":16,"href":"https:\/\/u2marin.com\/tr\/wp-json\/wp\/v2\/pages\/20346\/revisions"}],"predecessor-version":[{"id":20521,"href":"https:\/\/u2marin.com\/tr\/wp-json\/wp\/v2\/pages\/20346\/revisions\/20521"}],"wp:attachment":[{"href":"https:\/\/u2marin.com\/tr\/wp-json\/wp\/v2\/media?parent=20346"}],"curies":[{"name":"wp","href":"https:\/\/api.w.org\/{rel}","templated":true}]}}