{"id":20351,"date":"2025-06-15T09:56:25","date_gmt":"2025-06-15T09:56:25","guid":{"rendered":"https:\/\/u2marin.com\/?page_id=20351"},"modified":"2025-06-18T22:31:54","modified_gmt":"2025-06-18T22:31:54","slug":"boat-parking","status":"publish","type":"page","link":"https:\/\/u2marin.com\/tr\/boat-parking\/","title":{"rendered":"Tekne Park Hizmeti"},"content":{"rendered":"<div data-elementor-type=\"wp-page\" data-elementor-id=\"20351\" class=\"elementor elementor-20351\" data-elementor-post-type=\"page\">\n\t\t\t\t\t\t<section class=\"elementor-section elementor-top-section elementor-element elementor-element-53c692f elementor-section-height-min-height elementor-section-items-bottom elementor-section-boxed elementor-section-height-default\" data-id=\"53c692f\" data-element_type=\"section\" data-settings=\"{&quot;background_background&quot;:&quot;classic&quot;}\">\n\t\t\t\t\t\t\t<div class=\"elementor-background-overlay\"><\/div>\n\t\t\t\t\t\t\t<div class=\"elementor-container elementor-column-gap-default\">\n\t\t\t\t\t<div class=\"elementor-column elementor-col-100 elementor-top-column elementor-element elementor-element-ccc3eb6\" data-id=\"ccc3eb6\" data-element_type=\"column\">\n\t\t\t<div class=\"elementor-widget-wrap elementor-element-populated\">\n\t\t\t\t\t\t<div class=\"elementor-element elementor-element-b879dc4 elementor-widget elementor-widget-heading\" data-id=\"b879dc4\" data-element_type=\"widget\" data-widget_type=\"heading.default\">\n\t\t\t\t<div class=\"elementor-widget-container\">\n\t\t\t\t\t<h2 class=\"elementor-heading-title elementor-size-default\">Tekne Park Hizmeti<\/h2>\t\t\t\t<\/div>\n\t\t\t\t<\/div>\n\t\t\t\t<div class=\"elementor-element elementor-element-f25d130 elementor-widget elementor-widget-text-editor\" data-id=\"f25d130\" data-element_type=\"widget\" data-widget_type=\"text-editor.default\">\n\t\t\t\t<div class=\"elementor-widget-container\">\n\t\t\t\t\t\t\t\t\t<p><a href=\"#\">Anasayfa<\/a> &#8211; Boat Parking<\/p>\t\t\t\t\t\t\t\t<\/div>\n\t\t\t\t<\/div>\n\t\t\t\t\t<\/div>\n\t\t<\/div>\n\t\t\t\t\t<\/div>\n\t\t<\/section>\n\t\t\t\t<section class=\"elementor-section elementor-top-section elementor-element elementor-element-55138e9 elementor-section-boxed elementor-section-height-default elementor-section-height-default\" data-id=\"55138e9\" data-element_type=\"section\" data-settings=\"{&quot;background_background&quot;:&quot;classic&quot;}\">\n\t\t\t\t\t\t\t<div class=\"elementor-background-overlay\"><\/div>\n\t\t\t\t\t\t\t<div class=\"elementor-container elementor-column-gap-default\">\n\t\t\t\t\t<div class=\"elementor-column elementor-col-100 elementor-top-column elementor-element elementor-element-eb9b12a\" data-id=\"eb9b12a\" data-element_type=\"column\">\n\t\t\t<div class=\"elementor-widget-wrap elementor-element-populated\">\n\t\t\t\t\t\t<div class=\"elementor-element elementor-element-8220a07 elementor-widget elementor-widget-heading\" data-id=\"8220a07\" data-element_type=\"widget\" data-widget_type=\"heading.default\">\n\t\t\t\t<div class=\"elementor-widget-container\">\n\t\t\t\t\t<h2 class=\"elementor-heading-title elementor-size-default\">Tekne Park Hizmeti<\/h2>\t\t\t\t<\/div>\n\t\t\t\t<\/div>\n\t\t\t\t<div class=\"elementor-element elementor-element-347d9eb elementor-widget elementor-widget-text-editor\" data-id=\"347d9eb\" data-element_type=\"widget\" data-widget_type=\"text-editor.default\">\n\t\t\t\t<div class=\"elementor-widget-container\">\n\t\t\t\t\t\t\t\t\t<p data-start=\"1351\" data-end=\"1592\">Yatlar ve tekneler i\u00e7in g\u00fcvenli, iyi d\u00fczenlenmi\u015f ve profesyonel bir park alan\u0131 sa\u011flamak, denizcilik operasyonlar\u0131n\u0131n hayati bir par\u00e7as\u0131d\u0131r. Acentemiz, hem marinalar\u0131n i\u00e7inde hem de d\u0131\u015f\u0131nda t\u00fcm ba\u011flama ve yana\u015fma ihtiya\u00e7lar\u0131n\u0131z i\u00e7in kapsaml\u0131 \u00e7\u00f6z\u00fcmler sunmaktad\u0131r.<\/p><p data-start=\"1594\" data-end=\"1888\">\u0130ster k\u0131sa s\u00fcreli ziyaretler ister uzun s\u00fcreli konaklamalar i\u00e7in olsun, her gemiye \u00f6zel g\u00fcvenli, korunakl\u0131 ve tam donan\u0131ml\u0131 park alanlar\u0131 sa\u011fl\u0131yoruz. Ayr\u0131ca m\u00fc\u015fterilerimize sorunsuz ve zahmetsiz bir deneyim sunmak i\u00e7in marina s\u00f6zle\u015fmelerini, rezervasyon prosed\u00fcrlerini ve liman yetkilileriyle koordinasyonu sa\u011fl\u0131yoruz.<\/p><h4 data-start=\"1890\" data-end=\"1908\">Hizmetlerimiz<\/h4><ul data-start=\"1909\" data-end=\"2333\"><li data-start=\"1909\" data-end=\"1968\"><p data-start=\"1911\" data-end=\"1968\">Marinalar\u0131n i\u00e7inde ve d\u0131\u015f\u0131nda tekne park organizasyonu<\/p><\/li><li data-start=\"1969\" data-end=\"2015\"><p data-start=\"1971\" data-end=\"2015\">G\u00fcnl\u00fck, haftal\u0131k ve ayl\u0131k ba\u011flama se\u00e7enekleri<\/p><\/li><li data-start=\"2063\" data-end=\"2115\"><p data-start=\"2065\" data-end=\"2115\">Liman formaliteleri ile entegre demirleme hizmeti<\/p><\/li><li data-start=\"2116\" data-end=\"2175\"><p data-start=\"2118\" data-end=\"2175\">Elektrik, su ve yak\u0131t ba\u011flant\u0131lar\u0131n\u0131n d\u00fczenlenmesi<\/p><\/li><li data-start=\"2176\" data-end=\"2216\"><p data-start=\"2178\" data-end=\"2216\">G\u00fcvenli r\u0131ht\u0131m izleme ve raporlama<\/p><\/li><li data-start=\"2217\" data-end=\"2280\"><p data-start=\"2219\" data-end=\"2280\">Transfer ve konaklama hizmetleri ile kombine \u00e7\u00f6z\u00fcmler<\/p><\/li><li data-start=\"2281\" data-end=\"2333\"><p data-start=\"2283\" data-end=\"2333\">B\u00fcy\u00fck boy yatlar i\u00e7in \u00f6zel demirleme d\u00fczenlemeleri<\/p><\/li><\/ul><p data-start=\"2335\" data-end=\"2442\">Sadece denizde ge\u00e7irdi\u011finiz zaman\u0131 de\u011fil, ayn\u0131 zamanda demirli veya r\u0131ht\u0131mdayken geminizin g\u00fcvenli\u011fini ve bak\u0131m\u0131n\u0131 da \u00f6n planda tutuyoruz.<\/p>\t\t\t\t\t\t\t\t<\/div>\n\t\t\t\t<\/div>\n\t\t\t\t<div class=\"elementor-element elementor-element-3b92dac elementor-align-center elementor-widget__width-initial elementor-widget elementor-widget-button\" data-id=\"3b92dac\" data-element_type=\"widget\" data-widget_type=\"button.default\">\n\t\t\t\t<div class=\"elementor-widget-container\">\n\t\t\t\t\t\t\t\t\t<div class=\"elementor-button-wrapper\">\n\t\t\t\t\t<a class=\"elementor-button elementor-button-link elementor-size-sm elementor-animation-shrink\" href=\"tel:+905336137348\">\n\t\t\t\t\t\t<span class=\"elementor-button-content-wrapper\">\n\t\t\t\t\t\t<span class=\"elementor-button-icon\">\n\t\t\t\t<i aria-hidden=\"true\" class=\"fas fa-phone\"><\/i>\t\t\t<\/span>\n\t\t\t\t\t\t\t\t\t<span class=\"elementor-button-text\">Bizi Hemen Aray\u0131n<\/span>\n\t\t\t\t\t<\/span>\n\t\t\t\t\t<\/a>\n\t\t\t\t<\/div>\n\t\t\t\t\t\t\t\t<\/div>\n\t\t\t\t<\/div>\n\t\t\t\t\t<\/div>\n\t\t<\/div>\n\t\t\t\t\t<\/div>\n\t\t<\/section>\n\t\t\t\t<\/div>","protected":false},"excerpt":{"rendered":"<p>Boat Parking Home &#8211; Boat Parking Boat Parking Providing a secure, well-organized, and professional parking area for yachts and boats is a vital part of maritime operations. Our agency offers comprehensive solutions for all your mooring and docking needs, both inside and outside marinas. Whether for short-term visits or long-term stays, we ensure safe, sheltered, [&hellip;]<\/p>","protected":false},"author":1,"featured_media":0,"parent":0,"menu_order":0,"comment_status":"closed","ping_status":"closed","template":"elementor_header_footer","meta":{"footnotes":""},"class_list":["post-20351","page","type-page","status-publish","hentry"],"_links":{"self":[{"href":"https:\/\/u2marin.com\/tr\/wp-json\/wp\/v2\/pages\/20351","targetHints":{"allow":["GET"]}}],"collection":[{"href":"https:\/\/u2marin.com\/tr\/wp-json\/wp\/v2\/pages"}],"about":[{"href":"https:\/\/u2marin.com\/tr\/wp-json\/wp\/v2\/types\/page"}],"author":[{"embeddable":true,"href":"https:\/\/u2marin.com\/tr\/wp-json\/wp\/v2\/users\/1"}],"replies":[{"embeddable":true,"href":"https:\/\/u2marin.com\/tr\/wp-json\/wp\/v2\/comments?post=20351"}],"version-history":[{"count":19,"href":"https:\/\/u2marin.com\/tr\/wp-json\/wp\/v2\/pages\/20351\/revisions"}],"predecessor-version":[{"id":20524,"href":"https:\/\/u2marin.com\/tr\/wp-json\/wp\/v2\/pages\/20351\/revisions\/20524"}],"wp:attachment":[{"href":"https:\/\/u2marin.com\/tr\/wp-json\/wp\/v2\/media?parent=20351"}],"curies":[{"name":"wp","href":"https:\/\/api.w.org\/{rel}","templated":true}]}}